{"id":224693,"date":"2024-01-22T20:43:16","date_gmt":"2024-01-22T19:43:16","guid":{"rendered":"https:\/\/investinglatam.com\/?page_id=224693"},"modified":"2024-02-16T20:40:47","modified_gmt":"2024-02-16T19:40:47","slug":"contacto","status":"publish","type":"page","link":"https:\/\/investinglatam.com\/en\/contacto\/","title":{"rendered":"Contact"},"content":{"rendered":"<div data-elementor-type=\"wp-page\" data-elementor-id=\"224693\" class=\"elementor elementor-224693\" data-elementor-post-type=\"page\">\n\t\t\t\t<div class=\"elementor-element elementor-element-31727d4 e-flex e-con-boxed e-con e-parent\" data-id=\"31727d4\" data-element_type=\"container\" data-e-type=\"container\" data-settings=\"{&quot;background_background&quot;:&quot;classic&quot;}\">\n\t\t\t\t\t<div class=\"e-con-inner\">\n\t\t\t\t<div class=\"elementor-element elementor-element-6afd7c3 elementor-invisible elementor-widget elementor-widget-heading\" data-id=\"6afd7c3\" data-element_type=\"widget\" data-e-type=\"widget\" data-settings=\"{&quot;_animation&quot;:&quot;zoomIn&quot;}\" data-widget_type=\"heading.default\">\n\t\t\t\t<div class=\"elementor-widget-container\">\n\t\t\t\t\t<h1 class=\"elementor-heading-title elementor-size-default\">Contact Us<\/h1>\t\t\t\t<\/div>\n\t\t\t\t<\/div>\n\t\t\t\t<div class=\"elementor-element elementor-element-f6954ae elementor-widget__width-initial elementor-invisible elementor-widget elementor-widget-text-editor\" data-id=\"f6954ae\" data-element_type=\"widget\" data-e-type=\"widget\" data-settings=\"{&quot;_animation&quot;:&quot;fadeIn&quot;}\" data-widget_type=\"text-editor.default\">\n\t\t\t\t<div class=\"elementor-widget-container\">\n\t\t\t\t\t\t\t\t\t<p>Schedule a call with our team to obtain the best advice.\u00a0<\/p>\t\t\t\t\t\t\t\t<\/div>\n\t\t\t\t<\/div>\n\t\t\t\t\t<\/div>\n\t\t\t\t<\/div>\n\t\t<div class=\"elementor-element elementor-element-f1f878e elementor-hidden-desktop e-flex e-con-boxed e-con e-parent\" data-id=\"f1f878e\" data-element_type=\"container\" data-e-type=\"container\" data-settings=\"{&quot;background_background&quot;:&quot;classic&quot;}\">\n\t\t\t\t\t<div class=\"e-con-inner\">\n\t\t\t\t<div class=\"elementor-element elementor-element-12e9e05 elementor-widget-divider--view-line elementor-widget elementor-widget-divider\" data-id=\"12e9e05\" data-element_type=\"widget\" data-e-type=\"widget\" data-widget_type=\"divider.default\">\n\t\t\t\t<div class=\"elementor-widget-container\">\n\t\t\t\t\t\t\t<div class=\"elementor-divider\">\n\t\t\t<span class=\"elementor-divider-separator\">\n\t\t\t\t\t\t<\/span>\n\t\t<\/div>\n\t\t\t\t\t\t<\/div>\n\t\t\t\t<\/div>\n\t\t\t\t<div class=\"elementor-element elementor-element-e8ddec5 elementor-view-default elementor-widget elementor-widget-icon\" data-id=\"e8ddec5\" data-element_type=\"widget\" data-e-type=\"widget\" data-widget_type=\"icon.default\">\n\t\t\t\t<div class=\"elementor-widget-container\">\n\t\t\t\t\t\t\t<div class=\"elementor-icon-wrapper\">\n\t\t\t<div class=\"elementor-icon\">\n\t\t\t<svg aria-hidden=\"true\" class=\"e-font-icon-svg e-far-calendar-alt\" viewbox=\"0 0 448 512\" xmlns=\"http:\/\/www.w3.org\/2000\/svg\"><path d=\"M148 288h-40c-6.6 0-12-5.4-12-12v-40c0-6.6 5.4-12 12-12h40c6.6 0 12 5.4 12 12v40c0 6.6-5.4 12-12 12zm108-12v-40c0-6.6-5.4-12-12-12h-40c-6.6 0-12 5.4-12 12v40c0 6.6 5.4 12 12 12h40c6.6 0 12-5.4 12-12zm96 0v-40c0-6.6-5.4-12-12-12h-40c-6.6 0-12 5.4-12 12v40c0 6.6 5.4 12 12 12h40c6.6 0 12-5.4 12-12zm-96 96v-40c0-6.6-5.4-12-12-12h-40c-6.6 0-12 5.4-12 12v40c0 6.6 5.4 12 12 12h40c6.6 0 12-5.4 12-12zm-96 0v-40c0-6.6-5.4-12-12-12h-40c-6.6 0-12 5.4-12 12v40c0 6.6 5.4 12 12 12h40c6.6 0 12-5.4 12-12zm192 0v-40c0-6.6-5.4-12-12-12h-40c-6.6 0-12 5.4-12 12v40c0 6.6 5.4 12 12 12h40c6.6 0 12-5.4 12-12zm96-260v352c0 26.5-21.5 48-48 48H48c-26.5 0-48-21.5-48-48V112c0-26.5 21.5-48 48-48h48V12c0-6.6 5.4-12 12-12h40c6.6 0 12 5.4 12 12v52h128V12c0-6.6 5.4-12 12-12h40c6.6 0 12 5.4 12 12v52h48c26.5 0 48 21.5 48 48zm-48 346V160H48v298c0 3.3 2.7 6 6 6h340c3.3 0 6-2.7 6-6z\"><\/path><\/svg>\t\t\t<\/div>\n\t\t<\/div>\n\t\t\t\t\t\t<\/div>\n\t\t\t\t<\/div>\n\t\t\t\t<div class=\"elementor-element elementor-element-e684a59 elementor-widget-divider--view-line elementor-widget elementor-widget-divider\" data-id=\"e684a59\" data-element_type=\"widget\" data-e-type=\"widget\" data-widget_type=\"divider.default\">\n\t\t\t\t<div class=\"elementor-widget-container\">\n\t\t\t\t\t\t\t<div class=\"elementor-divider\">\n\t\t\t<span class=\"elementor-divider-separator\">\n\t\t\t\t\t\t<\/span>\n\t\t<\/div>\n\t\t\t\t\t\t<\/div>\n\t\t\t\t<\/div>\n\t\t\t\t\t<\/div>\n\t\t\t\t<\/div>\n\t\t<div class=\"elementor-element elementor-element-6d1e5b9 e-flex e-con-boxed e-con e-parent\" data-id=\"6d1e5b9\" data-element_type=\"container\" data-e-type=\"container\" data-settings=\"{&quot;background_background&quot;:&quot;classic&quot;}\">\n\t\t\t\t\t<div class=\"e-con-inner\">\n\t\t\t\t<div class=\"elementor-element elementor-element-e250382 elementor-widget elementor-widget-html\" data-id=\"e250382\" data-element_type=\"widget\" data-e-type=\"widget\" data-widget_type=\"html.default\">\n\t\t\t\t<div class=\"elementor-widget-container\">\n\t\t\t\t\t<!-- Calendly inline widget begin -->\r\n<div class=\"calendly-inline-widget\" data-url=\"https:\/\/calendly.com\/camila-zapata\/asesoria-investing-latam?primary_color=9668b0\" style=\"min-width:220px;height:700px;\"><\/div>\r\n<script type=\"text\/javascript\" src=\"https:\/\/assets.calendly.com\/assets\/external\/widget.js\" async><\/script>\r\n<!-- Calendly inline widget end -->\t\t\t\t<\/div>\n\t\t\t\t<\/div>\n\t\t\t\t\t<\/div>\n\t\t\t\t<\/div>\n\t\t<div class=\"elementor-element elementor-element-1385826 elementor-hidden-desktop e-flex e-con-boxed e-con e-parent\" data-id=\"1385826\" data-element_type=\"container\" data-e-type=\"container\" data-settings=\"{&quot;background_background&quot;:&quot;classic&quot;}\">\n\t\t\t\t\t<div class=\"e-con-inner\">\n\t\t\t\t<div class=\"elementor-element elementor-element-ad6ef8a elementor-widget-divider--view-line elementor-widget elementor-widget-divider\" data-id=\"ad6ef8a\" data-element_type=\"widget\" data-e-type=\"widget\" data-settings=\"{&quot;_animation_tablet&quot;:&quot;fadeIn&quot;}\" data-widget_type=\"divider.default\">\n\t\t\t\t<div class=\"elementor-widget-container\">\n\t\t\t\t\t\t\t<div class=\"elementor-divider\">\n\t\t\t<span class=\"elementor-divider-separator\">\n\t\t\t\t\t\t<\/span>\n\t\t<\/div>\n\t\t\t\t\t\t<\/div>\n\t\t\t\t<\/div>\n\t\t\t\t<div class=\"elementor-element elementor-element-35dc571 elementor-view-default elementor-widget elementor-widget-icon\" data-id=\"35dc571\" data-element_type=\"widget\" data-e-type=\"widget\" data-settings=\"{&quot;_animation_tablet&quot;:&quot;fadeIn&quot;}\" data-widget_type=\"icon.default\">\n\t\t\t\t<div class=\"elementor-widget-container\">\n\t\t\t\t\t\t\t<div class=\"elementor-icon-wrapper\">\n\t\t\t<div class=\"elementor-icon\">\n\t\t\t<svg aria-hidden=\"true\" class=\"e-font-icon-svg e-fas-info-circle\" viewbox=\"0 0 512 512\" xmlns=\"http:\/\/www.w3.org\/2000\/svg\"><path d=\"M256 8C119.043 8 8 119.083 8 256c0 136.997 111.043 248 248 248s248-111.003 248-248C504 119.083 392.957 8 256 8zm0 110c23.196 0 42 18.804 42 42s-18.804 42-42 42-42-18.804-42-42 18.804-42 42-42zm56 254c0 6.627-5.373 12-12 12h-88c-6.627 0-12-5.373-12-12v-24c0-6.627 5.373-12 12-12h12v-64h-12c-6.627 0-12-5.373-12-12v-24c0-6.627 5.373-12 12-12h64c6.627 0 12 5.373 12 12v100h12c6.627 0 12 5.373 12 12v24z\"><\/path><\/svg>\t\t\t<\/div>\n\t\t<\/div>\n\t\t\t\t\t\t<\/div>\n\t\t\t\t<\/div>\n\t\t\t\t<div class=\"elementor-element elementor-element-4cc48fa elementor-widget-divider--view-line elementor-widget elementor-widget-divider\" data-id=\"4cc48fa\" data-element_type=\"widget\" data-e-type=\"widget\" data-settings=\"{&quot;_animation_tablet&quot;:&quot;fadeIn&quot;}\" data-widget_type=\"divider.default\">\n\t\t\t\t<div class=\"elementor-widget-container\">\n\t\t\t\t\t\t\t<div class=\"elementor-divider\">\n\t\t\t<span class=\"elementor-divider-separator\">\n\t\t\t\t\t\t<\/span>\n\t\t<\/div>\n\t\t\t\t\t\t<\/div>\n\t\t\t\t<\/div>\n\t\t\t\t\t<\/div>\n\t\t\t\t<\/div>\n\t\t\t\t<\/div>","protected":false},"excerpt":{"rendered":"<p>Contact us Schedule a call with our team to get the best advice\u00a0<\/p>","protected":false},"author":8,"featured_media":0,"parent":0,"menu_order":0,"comment_status":"closed","ping_status":"closed","template":"","meta":{"site-sidebar-layout":"no-sidebar","site-content-layout":"","ast-site-content-layout":"full-width-container","site-content-style":"default","site-sidebar-style":"default","ast-global-header-display":"","ast-banner-title-visibility":"","ast-main-header-display":"","ast-hfb-above-header-display":"","ast-hfb-below-header-display":"","ast-hfb-mobile-header-display":"","site-post-title":"disabled","ast-breadcrumbs-content":"","ast-featured-img":"disabled","footer-sml-layout":"","ast-disable-related-posts":"","theme-transparent-header-meta":"","adv-header-id-meta":"","stick-header-meta":"","header-above-stick-meta":"","header-main-stick-meta":"","header-below-stick-meta":"","astra-migrate-meta-layouts":"default","ast-page-background-enabled":"default","ast-page-background-meta":{"desktop":{"background-color":"var(--ast-global-color-4)","background-image":"","background-repeat":"repeat","background-position":"center center","background-size":"auto","background-attachment":"scroll","background-type":"","background-media":"","overlay-type":"","overlay-color":"","overlay-opacity":"","overlay-gradient":""},"tablet":{"background-color":"","background-image":"","background-repeat":"repeat","background-position":"center center","background-size":"auto","background-attachment":"scroll","background-type":"","background-media":"","overlay-type":"","overlay-color":"","overlay-opacity":"","overlay-gradient":""},"mobile":{"background-color":"","background-image":"","background-repeat":"repeat","background-position":"center center","background-size":"auto","background-attachment":"scroll","background-type":"","background-media":"","overlay-type":"","overlay-color":"","overlay-opacity":"","overlay-gradient":""}},"ast-content-background-meta":{"desktop":{"background-color":"var(--ast-global-color-5)","background-image":"","background-repeat":"repeat","background-position":"center center","background-size":"auto","background-attachment":"scroll","background-type":"","background-media":"","overlay-type":"","overlay-color":"","overlay-opacity":"","overlay-gradient":""},"tablet":{"background-color":"var(--ast-global-color-5)","background-image":"","background-repeat":"repeat","background-position":"center center","background-size":"auto","background-attachment":"scroll","background-type":"","background-media":"","overlay-type":"","overlay-color":"","overlay-opacity":"","overlay-gradient":""},"mobile":{"background-color":"var(--ast-global-color-5)","background-image":"","background-repeat":"repeat","background-position":"center center","background-size":"auto","background-attachment":"scroll","background-type":"","background-media":"","overlay-type":"","overlay-color":"","overlay-opacity":"","overlay-gradient":""}},"footnotes":""},"class_list":["post-224693","page","type-page","status-publish","hentry"],"yoast_head":"<!-- This site is optimized with the Yoast SEO plugin v27.3 - https:\/\/yoast.com\/product\/yoast-seo-wordpress\/ -->\n<title>Investing Latam - \u00a1Consegu\u00ed la propiedad de tus sue\u00f1os con nosotros!<\/title>\n<meta name=\"description\" content=\"Descubre oportunidades \u00fanicas de inversi\u00f3n inmobiliaria en Ciudad de Panam\u00e1, Rep\u00fablica Dominicana y Bogot\u00e1 con Investing Latam.\" \/>\n<meta name=\"robots\" content=\"index, follow, max-snippet:-1, max-image-preview:large, max-video-preview:-1\" \/>\n<link rel=\"canonical\" href=\"https:\/\/investinglatam.com\/en\/contacto\/\" \/>\n<meta property=\"og:locale\" content=\"en_US\" \/>\n<meta property=\"og:type\" content=\"article\" \/>\n<meta property=\"og:title\" content=\"Investing Latam - \u00a1Consegu\u00ed la propiedad de tus sue\u00f1os con nosotros!\" \/>\n<meta property=\"og:description\" content=\"Descubre oportunidades \u00fanicas de inversi\u00f3n inmobiliaria en Ciudad de Panam\u00e1, Rep\u00fablica Dominicana y Bogot\u00e1 con Investing Latam.\" \/>\n<meta property=\"og:url\" content=\"https:\/\/investinglatam.com\/en\/contacto\/\" \/>\n<meta property=\"og:site_name\" content=\"Investing Latam\" \/>\n<meta property=\"article:modified_time\" content=\"2024-02-16T19:40:47+00:00\" \/>\n<meta name=\"twitter:card\" content=\"summary_large_image\" \/>\n<meta name=\"twitter:label1\" content=\"Est. reading time\" \/>\n\t<meta name=\"twitter:data1\" content=\"1 minute\" \/>\n<script type=\"application\/ld+json\" class=\"yoast-schema-graph\">{\"@context\":\"https:\\\/\\\/schema.org\",\"@graph\":[{\"@type\":\"WebPage\",\"@id\":\"https:\\\/\\\/investinglatam.com\\\/contacto\\\/\",\"url\":\"https:\\\/\\\/investinglatam.com\\\/contacto\\\/\",\"name\":\"Investing Latam - \u00a1Consegu\u00ed la propiedad de tus sue\u00f1os con nosotros!\",\"isPartOf\":{\"@id\":\"https:\\\/\\\/investinglatam.com\\\/#website\"},\"datePublished\":\"2024-01-22T19:43:16+00:00\",\"dateModified\":\"2024-02-16T19:40:47+00:00\",\"description\":\"Descubre oportunidades \u00fanicas de inversi\u00f3n inmobiliaria en Ciudad de Panam\u00e1, Rep\u00fablica Dominicana y Bogot\u00e1 con Investing Latam.\",\"breadcrumb\":{\"@id\":\"https:\\\/\\\/investinglatam.com\\\/contacto\\\/#breadcrumb\"},\"inLanguage\":\"en-US\",\"potentialAction\":[{\"@type\":\"ReadAction\",\"target\":[\"https:\\\/\\\/investinglatam.com\\\/contacto\\\/\"]}]},{\"@type\":\"BreadcrumbList\",\"@id\":\"https:\\\/\\\/investinglatam.com\\\/contacto\\\/#breadcrumb\",\"itemListElement\":[{\"@type\":\"ListItem\",\"position\":1,\"name\":\"Home\",\"item\":\"https:\\\/\\\/investinglatam.com\\\/\"},{\"@type\":\"ListItem\",\"position\":2,\"name\":\"Contacto\"}]},{\"@type\":\"WebSite\",\"@id\":\"https:\\\/\\\/investinglatam.com\\\/#website\",\"url\":\"https:\\\/\\\/investinglatam.com\\\/\",\"name\":\"Investing Latam\",\"description\":\"\",\"publisher\":{\"@id\":\"https:\\\/\\\/investinglatam.com\\\/#organization\"},\"potentialAction\":[{\"@type\":\"SearchAction\",\"target\":{\"@type\":\"EntryPoint\",\"urlTemplate\":\"https:\\\/\\\/investinglatam.com\\\/?s={search_term_string}\"},\"query-input\":{\"@type\":\"PropertyValueSpecification\",\"valueRequired\":true,\"valueName\":\"search_term_string\"}}],\"inLanguage\":\"en-US\"},{\"@type\":\"Organization\",\"@id\":\"https:\\\/\\\/investinglatam.com\\\/#organization\",\"name\":\"Investing Latam Colombia\",\"url\":\"https:\\\/\\\/investinglatam.com\\\/\",\"logo\":{\"@type\":\"ImageObject\",\"inLanguage\":\"en-US\",\"@id\":\"https:\\\/\\\/investinglatam.com\\\/#\\\/schema\\\/logo\\\/image\\\/\",\"url\":\"https:\\\/\\\/investinglatam.com\\\/wp-content\\\/uploads\\\/2024\\\/02\\\/logo-investinglatam.png\",\"contentUrl\":\"https:\\\/\\\/investinglatam.com\\\/wp-content\\\/uploads\\\/2024\\\/02\\\/logo-investinglatam.png\",\"width\":529,\"height\":363,\"caption\":\"Investing Latam Colombia\"},\"image\":{\"@id\":\"https:\\\/\\\/investinglatam.com\\\/#\\\/schema\\\/logo\\\/image\\\/\"},\"sameAs\":[\"https:\\\/\\\/www.instagram.com\\\/investing_latam\\\/?hl=es-la\"]}]}<\/script>\n<!-- \/ Yoast SEO plugin. -->","yoast_head_json":{"title":"Investing Latam - Get the property of your dreams with us!","description":"Discover unique real estate investment opportunities in Panama City, the Dominican Republic, and Bogot\u00e1 with Investing Latam.","robots":{"index":"index","follow":"follow","max-snippet":"max-snippet:-1","max-image-preview":"max-image-preview:large","max-video-preview":"max-video-preview:-1"},"canonical":"https:\/\/investinglatam.com\/en\/contacto\/","og_locale":"en_US","og_type":"article","og_title":"Investing Latam - \u00a1Consegu\u00ed la propiedad de tus sue\u00f1os con nosotros!","og_description":"Descubre oportunidades \u00fanicas de inversi\u00f3n inmobiliaria en Ciudad de Panam\u00e1, Rep\u00fablica Dominicana y Bogot\u00e1 con Investing Latam.","og_url":"https:\/\/investinglatam.com\/en\/contacto\/","og_site_name":"Investing Latam","article_modified_time":"2024-02-16T19:40:47+00:00","twitter_card":"summary_large_image","twitter_misc":{"Est. reading time":"1 minute"},"schema":{"@context":"https:\/\/schema.org","@graph":[{"@type":"WebPage","@id":"https:\/\/investinglatam.com\/contacto\/","url":"https:\/\/investinglatam.com\/contacto\/","name":"Investing Latam - Get the property of your dreams with us!","isPartOf":{"@id":"https:\/\/investinglatam.com\/#website"},"datePublished":"2024-01-22T19:43:16+00:00","dateModified":"2024-02-16T19:40:47+00:00","description":"Discover unique real estate investment opportunities in Panama City, the Dominican Republic, and Bogot\u00e1 with Investing Latam.","breadcrumb":{"@id":"https:\/\/investinglatam.com\/contacto\/#breadcrumb"},"inLanguage":"en-US","potentialAction":[{"@type":"ReadAction","target":["https:\/\/investinglatam.com\/contacto\/"]}]},{"@type":"BreadcrumbList","@id":"https:\/\/investinglatam.com\/contacto\/#breadcrumb","itemListElement":[{"@type":"ListItem","position":1,"name":"Home","item":"https:\/\/investinglatam.com\/"},{"@type":"ListItem","position":2,"name":"Contacto"}]},{"@type":"WebSite","@id":"https:\/\/investinglatam.com\/#website","url":"https:\/\/investinglatam.com\/","name":"Investing Latam","description":"","publisher":{"@id":"https:\/\/investinglatam.com\/#organization"},"potentialAction":[{"@type":"SearchAction","target":{"@type":"EntryPoint","urlTemplate":"https:\/\/investinglatam.com\/?s={search_term_string}"},"query-input":{"@type":"PropertyValueSpecification","valueRequired":true,"valueName":"search_term_string"}}],"inLanguage":"en-US"},{"@type":"Organization","@id":"https:\/\/investinglatam.com\/#organization","name":"Investing Latam Colombia","url":"https:\/\/investinglatam.com\/","logo":{"@type":"ImageObject","inLanguage":"en-US","@id":"https:\/\/investinglatam.com\/#\/schema\/logo\/image\/","url":"https:\/\/investinglatam.com\/wp-content\/uploads\/2024\/02\/logo-investinglatam.png","contentUrl":"https:\/\/investinglatam.com\/wp-content\/uploads\/2024\/02\/logo-investinglatam.png","width":529,"height":363,"caption":"Investing Latam Colombia"},"image":{"@id":"https:\/\/investinglatam.com\/#\/schema\/logo\/image\/"},"sameAs":["https:\/\/www.instagram.com\/investing_latam\/?hl=es-la"]}]}},"_links":{"self":[{"href":"https:\/\/investinglatam.com\/en\/wp-json\/wp\/v2\/pages\/224693","targetHints":{"allow":["GET"]}}],"collection":[{"href":"https:\/\/investinglatam.com\/en\/wp-json\/wp\/v2\/pages"}],"about":[{"href":"https:\/\/investinglatam.com\/en\/wp-json\/wp\/v2\/types\/page"}],"author":[{"embeddable":true,"href":"https:\/\/investinglatam.com\/en\/wp-json\/wp\/v2\/users\/8"}],"replies":[{"embeddable":true,"href":"https:\/\/investinglatam.com\/en\/wp-json\/wp\/v2\/comments?post=224693"}],"version-history":[{"count":178,"href":"https:\/\/investinglatam.com\/en\/wp-json\/wp\/v2\/pages\/224693\/revisions"}],"predecessor-version":[{"id":228231,"href":"https:\/\/investinglatam.com\/en\/wp-json\/wp\/v2\/pages\/224693\/revisions\/228231"}],"wp:attachment":[{"href":"https:\/\/investinglatam.com\/en\/wp-json\/wp\/v2\/media?parent=224693"}],"curies":[{"name":"wp","href":"https:\/\/api.w.org\/{rel}","templated":true}]}}