{"id":224175,"date":"2024-01-12T23:02:03","date_gmt":"2024-01-12T22:02:03","guid":{"rendered":"https:\/\/investinglatam.com\/all-listings-page\/"},"modified":"2024-02-10T01:04:21","modified_gmt":"2024-02-10T00:04:21","slug":"todas-las-propiedades","status":"publish","type":"page","link":"https:\/\/investinglatam.com\/en\/todas-las-propiedades\/","title":{"rendered":"All listings"},"content":{"rendered":"<div data-elementor-type=\"wp-page\" data-elementor-id=\"224175\" class=\"elementor elementor-224175\" data-elementor-post-type=\"page\">\n\t\t\t\t<div class=\"elementor-element elementor-element-d0beceb e-flex e-con-boxed e-con e-parent\" data-id=\"d0beceb\" data-element_type=\"container\" data-e-type=\"container\" data-settings=\"{&quot;background_background&quot;:&quot;classic&quot;}\">\n\t\t\t\t\t<div class=\"e-con-inner\">\n\t\t\t\t<div class=\"elementor-element elementor-element-55da348 elementor-invisible elementor-widget elementor-widget-heading\" data-id=\"55da348\" data-element_type=\"widget\" data-e-type=\"widget\" data-settings=\"{&quot;_animation&quot;:&quot;zoomIn&quot;}\" data-widget_type=\"heading.default\">\n\t\t\t\t<div class=\"elementor-widget-container\">\n\t\t\t\t\t<h1 class=\"elementor-heading-title elementor-size-default\">All Our Listings<\/h1>\t\t\t\t<\/div>\n\t\t\t\t<\/div>\n\t\t\t\t<div class=\"elementor-element elementor-element-38140f8 elementor-invisible elementor-widget elementor-widget-text-editor\" data-id=\"38140f8\" data-element_type=\"widget\" data-e-type=\"widget\" data-settings=\"{&quot;_animation&quot;:&quot;fadeIn&quot;}\" data-widget_type=\"text-editor.default\">\n\t\t\t\t<div class=\"elementor-widget-container\">\n\t\t\t\t\t\t\t\t\t<p>Find all the properties we have for you in Bogot\u00e1, Dominican Republic, and Panama City.<\/p>\t\t\t\t\t\t\t\t<\/div>\n\t\t\t\t<\/div>\n\t\t\t\t\t<\/div>\n\t\t\t\t<\/div>\n\t\t<div class=\"elementor-element elementor-element-24b0ddd2 e-flex e-con-boxed e-con e-parent\" data-id=\"24b0ddd2\" data-element_type=\"container\" data-e-type=\"container\" data-settings=\"{&quot;background_background&quot;:&quot;classic&quot;}\">\n\t\t\t\t\t<div class=\"e-con-inner\">\n\t\t\t\t<div class=\"elementor-element elementor-element-3bfb68f elementor-invisible elementor-widget elementor-widget-rem_list_properties\" data-id=\"3bfb68f\" data-element_type=\"widget\" data-e-type=\"widget\" data-settings=\"{&quot;_animation&quot;:&quot;slideInUp&quot;}\" data-widget_type=\"rem_list_properties.default\">\n\t\t\t\t<div class=\"elementor-widget-container\">\n\t\t\t\t\t\n\t<div\n\t\tclass=\"ich-settings-main-wrap rem-listings-wrap-ajax-disable  rem-flex-layout\"\n\t \tdata-lstyle=\"7\"\n\t \tdata-cols=\"col-sm-6 m-item\"\n\t \tdata-paged=\"1\"\n\t \tdata-total=\"6\"\n\t>\n\n\n\t<form method=\"GET\" action=\"#\" data-trp-original-action=\"#\">\n\t<div class=\"row rem-topbar\">\n\t\t<div class=\"col-sm-3 col-xs-8\">\n\t\t\t<input type=\"hidden\" name=\"list_style\" value=\"\">\n\t\t\t<select class=\"form-control\" name=\"sort_by\" onchange=\"this.form.submit()\">\n\t\t\t\t\t\t\t\t\t\t<option  value=\"date-desc\">Sort By Date<\/option>\n\t\t\t\t\t\t\t\t\t\t\t<option  value=\"title-asc\">Sort By Title<\/option>\n\t\t\t\t\t\t\t\t\t\t\t<option  value=\"price-desc\">Sort By Price: High to Low<\/option>\n\t\t\t\t\t\t\t\t\t\t\t<option  value=\"price-asc\">Sort By Price: Low to High<\/option>\n\t\t\t\t\t\t\t\t<\/select>\n\t\t\t\t\t<\/div>\n\t\t<div class=\"col-sm-6 hidden-xs\"><\/div>\n\t\t<div class=\"col-sm-3 col-xs-4 text-right\">\n\t\t  <a href=\"\/en\/wp-json\/wp\/v2\/pages\/224175?list_style=list\" class=\"rem-topbar-btn list-view\">\n\t\t\t<span class=\"fa fa-bars\"><\/span>\n\t\t  <\/a>\n\t\t  <a href=\"\/en\/wp-json\/wp\/v2\/pages\/224175?list_style=grid\" class=\"rem-topbar-btn grid-view active\">\n\t\t\t<span class=\"fa fa-th\"><\/span>\n\t\t  <\/a>\t\t\t\n\t\t<\/div>\n\t<\/div>\n<input type=\"hidden\" name=\"trp-form-language\" value=\"en\"\/><\/form>\t\n\t<div class=\"row\"><div id=\"property-229930\"  class=\"col-sm-6 m-item post-229930 rem_property type-rem_property status-publish has-post-thumbnail hentry rem_property_tag-mexico rem_property_cat-mexico\"><div class=\"property-style-7\">\n    <a target=\"\" href=\"https:\/\/investinglatam.com\/en\/property\/lua-condos\/\" class=\"img-container\" style=\"background-image:url(https:\/\/investinglatam.com\/wp-content\/uploads\/2025\/10\/79.png)\">\n        <span class=\"title\">LUA Condos<\/span>\n    <\/a>\n    <div class=\"price\">\n             <span class=\"rem-price-amount\"><span class=\"rem-currency-symbol\">&#36;<\/span>Check price<\/span>          <\/div>\n               <div class=\"detail inline-property-icons\">\n                                                                                                                                <span title=\"Beds\" class=\"rem-info\">\n                                    <i class=\"fa fa-bed\"><\/i> &nbsp;\n                                    3                                <\/span>\n                                                                                                                                                                                        <span title=\"Baths\" class=\"rem-info\">\n                                    <i class=\"fa fa-bath\"><\/i> &nbsp;\n                                    3                                <\/span>\n                                                                                                                                <\/div>\n        <\/div><\/div><div id=\"property-229937\"  class=\"col-sm-6 m-item post-229937 rem_property type-rem_property status-publish has-post-thumbnail hentry rem_property_tag-miami rem_property_cat-miami\"><div class=\"property-style-7\">\n    <a target=\"\" href=\"https:\/\/investinglatam.com\/en\/property\/domus-flats-brickell-center\/\" class=\"img-container\" style=\"background-image:url(https:\/\/investinglatam.com\/wp-content\/uploads\/2025\/10\/83.png)\">\n        <span class=\"title\">DOMUS FLATS \u2013 Brickell Center<\/span>\n    <\/a>\n    <div class=\"price\">\n             <span class=\"rem-price-amount\"><span class=\"rem-currency-symbol\">&#36;<\/span>Check price<\/span>          <\/div>\n               <div class=\"detail inline-property-icons\">\n                                                                                                                                <span title=\"Beds\" class=\"rem-info\">\n                                    <i class=\"fa fa-bed\"><\/i> &nbsp;\n                                    3                                <\/span>\n                                                                                                                                                                                        <span title=\"Baths\" class=\"rem-info\">\n                                    <i class=\"fa fa-bath\"><\/i> &nbsp;\n                                    3                                <\/span>\n                                                                                                                                <\/div>\n        <\/div><\/div><div id=\"property-229973\"  class=\"col-sm-6 m-item post-229973 rem_property type-rem_property status-publish has-post-thumbnail hentry rem_property_tag-mexico rem_property_cat-mexico\"><div class=\"property-style-7\">\n    <a target=\"\" href=\"https:\/\/investinglatam.com\/en\/property\/ola-de-mar\/\" class=\"img-container\" style=\"background-image:url(https:\/\/investinglatam.com\/wp-content\/uploads\/2026\/02\/PROPIEDADES-4.png)\">\n        <span class=\"title\">SEA WAVE<\/span>\n    <\/a>\n    <div class=\"price\">\n             <span class=\"rem-price-amount\"><span class=\"rem-currency-symbol\">&#36;<\/span>Check price<\/span>          <\/div>\n               <div class=\"detail inline-property-icons\">\n                                                                                                                                <span title=\"Beds\" class=\"rem-info\">\n                                    <i class=\"fa fa-bed\"><\/i> &nbsp;\n                                    3                                <\/span>\n                                                                                                                                                                                        <span title=\"Baths\" class=\"rem-info\">\n                                    <i class=\"fa fa-bath\"><\/i> &nbsp;\n                                    3                                <\/span>\n                                                                                                                                <\/div>\n        <\/div><\/div><div id=\"property-229980\"  class=\"col-sm-6 m-item post-229980 rem_property type-rem_property status-publish has-post-thumbnail hentry rem_property_tag-mexico rem_property_cat-mexico\"><div class=\"property-style-7\">\n    <a target=\"\" href=\"https:\/\/investinglatam.com\/en\/property\/mare-riviera-maya\/\" class=\"img-container\" style=\"background-image:url(https:\/\/investinglatam.com\/wp-content\/uploads\/2026\/02\/PROPIEDADES1.png)\">\n        <span class=\"title\">Mare Riviera Maya<\/span>\n    <\/a>\n    <div class=\"price\">\n             <span class=\"rem-price-amount\"><span class=\"rem-currency-symbol\">&#36;<\/span>Check price<\/span>          <\/div>\n               <div class=\"detail inline-property-icons\">\n                                                                                                                                <span title=\"Beds\" class=\"rem-info\">\n                                    <i class=\"fa fa-bed\"><\/i> &nbsp;\n                                    3                                <\/span>\n                                                                                                                                                                                        <span title=\"Baths\" class=\"rem-info\">\n                                    <i class=\"fa fa-bath\"><\/i> &nbsp;\n                                    3                                <\/span>\n                                                                                                                                <\/div>\n        <\/div><\/div><div id=\"property-229584\"  class=\"col-sm-6 m-item post-229584 rem_property type-rem_property status-publish has-post-thumbnail hentry rem_property_tag-panama rem_property_cat-panama\"><div class=\"property-style-7\">\n    <a target=\"\" href=\"https:\/\/investinglatam.com\/en\/property\/almar-ocean-reef-transforma-vida-copy\/\" class=\"img-container\" style=\"background-image:url(https:\/\/investinglatam.com\/wp-content\/uploads\/2025\/02\/7.png)\">\n        <span class=\"title\">Modern<\/span>\n    <\/a>\n    <div class=\"price\">\n          <\/div>\n               <div class=\"detail inline-property-icons\">\n                                                                                                                                <span title=\"Beds\" class=\"rem-info\">\n                                    <i class=\"fa fa-bed\"><\/i> &nbsp;\n                                    3                                <\/span>\n                                                                                                                                                                                        <span title=\"Baths\" class=\"rem-info\">\n                                    <i class=\"fa fa-bath\"><\/i> &nbsp;\n                                    3                                <\/span>\n                                                                                                                                                                                        <span title=\"Area\" class=\"rem-info\">\n                                    <i class=\"fa fa-arrows-alt\"><\/i> &nbsp;\n                                    417 m2                                <\/span>\n                                                                                    <\/div>\n        <\/div><\/div><div id=\"property-229992\"  class=\"col-sm-6 m-item post-229992 rem_property type-rem_property status-publish has-post-thumbnail hentry rem_property_tag-mexico rem_property_cat-mexico\"><div class=\"property-style-7\">\n    <a target=\"\" href=\"https:\/\/investinglatam.com\/en\/property\/menesse-38st\/\" class=\"img-container\" style=\"background-image:url(https:\/\/investinglatam.com\/wp-content\/uploads\/2026\/02\/TERRAZA-VISTA.jpeg)\">\n        <span class=\"title\">Menesse 38th St<\/span>\n    <\/a>\n    <div class=\"price\">\n             <span class=\"rem-price-amount\"><span class=\"rem-currency-symbol\">&#36;<\/span>Check price<\/span>          <\/div>\n               <div class=\"detail inline-property-icons\">\n                                                                                                                                <span title=\"Beds\" class=\"rem-info\">\n                                    <i class=\"fa fa-bed\"><\/i> &nbsp;\n                                    3                                <\/span>\n                                                                                                                                                                                        <span title=\"Baths\" class=\"rem-info\">\n                                    <i class=\"fa fa-bath\"><\/i> &nbsp;\n                                    3                                <\/span>\n                                                                                                                                <\/div>\n        <\/div><\/div><\/div><div class=\"text-center rem-pagination-wrap\"><ul class='page-numbers'>\n\t<li><span aria-current=\"page\" class=\"page-numbers current\">1<\/span><\/li>\n\t<li><a class=\"page-numbers\" href=\"https:\/\/investinglatam.com\/en\/wp-json\/wp\/v2\/pages\/224175\/page\/2\/\">2<\/a><\/li>\n\t<li><span class=\"page-numbers dots\">\u2026<\/span><\/li>\n\t<li><a class=\"page-numbers\" href=\"https:\/\/investinglatam.com\/en\/wp-json\/wp\/v2\/pages\/224175\/page\/12\/\">12<\/a><\/li>\n\t<li><a class=\"next page-numbers\" href=\"https:\/\/investinglatam.com\/en\/wp-json\/wp\/v2\/pages\/224175\/page\/2\/\">\u00bb<\/a><\/li>\n<\/ul>\n<\/div>\t<\/div>\n\t\t\t\t\t<\/div>\n\t\t\t\t<\/div>\n\t\t\t\t\t<\/div>\n\t\t\t\t<\/div>\n\t\t\t\t<\/div>","protected":false},"excerpt":{"rendered":"<p>Todas nuestras propiedades Encuentra todas las propiedades que tenemos para t\u00ed en Bogot\u00e1, Rep\u00fablica Dominicana y Ciudad de Panam\u00e1. Sort [&hellip;]<\/p>\n","protected":false},"author":8,"featured_media":0,"parent":0,"menu_order":0,"comment_status":"closed","ping_status":"closed","template":"","meta":{"site-sidebar-layout":"default","site-content-layout":"","ast-site-content-layout":"default","site-content-style":"default","site-sidebar-style":"default","ast-global-header-display":"","ast-banner-title-visibility":"","ast-main-header-display":"","ast-hfb-above-header-display":"","ast-hfb-below-header-display":"","ast-hfb-mobile-header-display":"","site-post-title":"disabled","ast-breadcrumbs-content":"","ast-featured-img":"","footer-sml-layout":"","ast-disable-related-posts":"","theme-transparent-header-meta":"","adv-header-id-meta":"","stick-header-meta":"","header-above-stick-meta":"","header-main-stick-meta":"","header-below-stick-meta":"","astra-migrate-meta-layouts":"default","ast-page-background-enabled":"default","ast-page-background-meta":{"desktop":{"background-color":"var(--ast-global-color-4)","background-image":"","background-repeat":"repeat","background-position":"center center","background-size":"auto","background-attachment":"scroll","background-type":"","background-media":"","overlay-type":"","overlay-color":"","overlay-opacity":"","overlay-gradient":""},"tablet":{"background-color":"","background-image":"","background-repeat":"repeat","background-position":"center center","background-size":"auto","background-attachment":"scroll","background-type":"","background-media":"","overlay-type":"","overlay-color":"","overlay-opacity":"","overlay-gradient":""},"mobile":{"background-color":"","background-image":"","background-repeat":"repeat","background-position":"center center","background-size":"auto","background-attachment":"scroll","background-type":"","background-media":"","overlay-type":"","overlay-color":"","overlay-opacity":"","overlay-gradient":""}},"ast-content-background-meta":{"desktop":{"background-color":"var(--ast-global-color-5)","background-image":"","background-repeat":"repeat","background-position":"center center","background-size":"auto","background-attachment":"scroll","background-type":"","background-media":"","overlay-type":"","overlay-color":"","overlay-opacity":"","overlay-gradient":""},"tablet":{"background-color":"var(--ast-global-color-5)","background-image":"","background-repeat":"repeat","background-position":"center center","background-size":"auto","background-attachment":"scroll","background-type":"","background-media":"","overlay-type":"","overlay-color":"","overlay-opacity":"","overlay-gradient":""},"mobile":{"background-color":"var(--ast-global-color-5)","background-image":"","background-repeat":"repeat","background-position":"center center","background-size":"auto","background-attachment":"scroll","background-type":"","background-media":"","overlay-type":"","overlay-color":"","overlay-opacity":"","overlay-gradient":""}},"footnotes":""},"class_list":["post-224175","page","type-page","status-publish","hentry"],"yoast_head":"<!-- This site is optimized with the Yoast SEO plugin v27.4 - https:\/\/yoast.com\/product\/yoast-seo-wordpress\/ -->\n<title>Investing Latam - \u00a1Consegu\u00ed la propiedad de tus sue\u00f1os con nosotros!<\/title>\n<meta name=\"description\" content=\"Descubre propiedades exclusivas con Investing Latam. Encuentra tu pr\u00f3xima inversi\u00f3n inmobiliaria. \u00a1Explora ahora!\" \/>\n<meta name=\"robots\" content=\"index, follow, max-snippet:-1, max-image-preview:large, max-video-preview:-1\" \/>\n<link rel=\"canonical\" href=\"https:\/\/investinglatam.com\/en\/todas-las-propiedades\/\" \/>\n<meta property=\"og:locale\" content=\"en_US\" \/>\n<meta property=\"og:type\" content=\"article\" \/>\n<meta property=\"og:title\" content=\"Investing Latam - \u00a1Consegu\u00ed la propiedad de tus sue\u00f1os con nosotros!\" \/>\n<meta property=\"og:description\" content=\"Descubre propiedades exclusivas con Investing Latam. Encuentra tu pr\u00f3xima inversi\u00f3n inmobiliaria. \u00a1Explora ahora!\" \/>\n<meta property=\"og:url\" content=\"https:\/\/investinglatam.com\/en\/todas-las-propiedades\/\" \/>\n<meta property=\"og:site_name\" content=\"Investing Latam\" \/>\n<meta property=\"article:modified_time\" content=\"2024-02-10T00:04:21+00:00\" \/>\n<meta name=\"twitter:card\" content=\"summary_large_image\" \/>\n<meta name=\"twitter:label1\" content=\"Est. reading time\" \/>\n\t<meta name=\"twitter:data1\" content=\"1 minute\" \/>\n<script type=\"application\/ld+json\" class=\"yoast-schema-graph\">{\"@context\":\"https:\\\/\\\/schema.org\",\"@graph\":[{\"@type\":\"WebPage\",\"@id\":\"https:\\\/\\\/investinglatam.com\\\/todas-las-propiedades\\\/\",\"url\":\"https:\\\/\\\/investinglatam.com\\\/todas-las-propiedades\\\/\",\"name\":\"Investing Latam - \u00a1Consegu\u00ed la propiedad de tus sue\u00f1os con nosotros!\",\"isPartOf\":{\"@id\":\"https:\\\/\\\/investinglatam.com\\\/#website\"},\"datePublished\":\"2024-01-12T22:02:03+00:00\",\"dateModified\":\"2024-02-10T00:04:21+00:00\",\"description\":\"Descubre propiedades exclusivas con Investing Latam. Encuentra tu pr\u00f3xima inversi\u00f3n inmobiliaria. \u00a1Explora ahora!\",\"breadcrumb\":{\"@id\":\"https:\\\/\\\/investinglatam.com\\\/todas-las-propiedades\\\/#breadcrumb\"},\"inLanguage\":\"en-US\",\"potentialAction\":[{\"@type\":\"ReadAction\",\"target\":[\"https:\\\/\\\/investinglatam.com\\\/todas-las-propiedades\\\/\"]}]},{\"@type\":\"BreadcrumbList\",\"@id\":\"https:\\\/\\\/investinglatam.com\\\/todas-las-propiedades\\\/#breadcrumb\",\"itemListElement\":[{\"@type\":\"ListItem\",\"position\":1,\"name\":\"Home\",\"item\":\"https:\\\/\\\/investinglatam.com\\\/\"},{\"@type\":\"ListItem\",\"position\":2,\"name\":\"Todas las Propiedades\"}]},{\"@type\":\"WebSite\",\"@id\":\"https:\\\/\\\/investinglatam.com\\\/#website\",\"url\":\"https:\\\/\\\/investinglatam.com\\\/\",\"name\":\"Investing Latam\",\"description\":\"\",\"publisher\":{\"@id\":\"https:\\\/\\\/investinglatam.com\\\/#organization\"},\"potentialAction\":[{\"@type\":\"SearchAction\",\"target\":{\"@type\":\"EntryPoint\",\"urlTemplate\":\"https:\\\/\\\/investinglatam.com\\\/?s={search_term_string}\"},\"query-input\":{\"@type\":\"PropertyValueSpecification\",\"valueRequired\":true,\"valueName\":\"search_term_string\"}}],\"inLanguage\":\"en-US\"},{\"@type\":\"Organization\",\"@id\":\"https:\\\/\\\/investinglatam.com\\\/#organization\",\"name\":\"Investing Latam Colombia\",\"url\":\"https:\\\/\\\/investinglatam.com\\\/\",\"logo\":{\"@type\":\"ImageObject\",\"inLanguage\":\"en-US\",\"@id\":\"https:\\\/\\\/investinglatam.com\\\/#\\\/schema\\\/logo\\\/image\\\/\",\"url\":\"https:\\\/\\\/investinglatam.com\\\/wp-content\\\/uploads\\\/2024\\\/02\\\/logo-investinglatam.png\",\"contentUrl\":\"https:\\\/\\\/investinglatam.com\\\/wp-content\\\/uploads\\\/2024\\\/02\\\/logo-investinglatam.png\",\"width\":529,\"height\":363,\"caption\":\"Investing Latam Colombia\"},\"image\":{\"@id\":\"https:\\\/\\\/investinglatam.com\\\/#\\\/schema\\\/logo\\\/image\\\/\"},\"sameAs\":[\"https:\\\/\\\/www.instagram.com\\\/investing_latam\\\/?hl=es-la\"]}]}<\/script>\n<!-- \/ Yoast SEO plugin. -->","yoast_head_json":{"title":"Investing Latam - Get the property of your dreams with us!","description":"Discover exclusive properties with Investing Latam. Find your next real estate investment. Explore now!","robots":{"index":"index","follow":"follow","max-snippet":"max-snippet:-1","max-image-preview":"max-image-preview:large","max-video-preview":"max-video-preview:-1"},"canonical":"https:\/\/investinglatam.com\/en\/todas-las-propiedades\/","og_locale":"en_US","og_type":"article","og_title":"Investing Latam - \u00a1Consegu\u00ed la propiedad de tus sue\u00f1os con nosotros!","og_description":"Descubre propiedades exclusivas con Investing Latam. Encuentra tu pr\u00f3xima inversi\u00f3n inmobiliaria. \u00a1Explora ahora!","og_url":"https:\/\/investinglatam.com\/en\/todas-las-propiedades\/","og_site_name":"Investing Latam","article_modified_time":"2024-02-10T00:04:21+00:00","twitter_card":"summary_large_image","twitter_misc":{"Est. reading time":"1 minute"},"schema":{"@context":"https:\/\/schema.org","@graph":[{"@type":"WebPage","@id":"https:\/\/investinglatam.com\/todas-las-propiedades\/","url":"https:\/\/investinglatam.com\/todas-las-propiedades\/","name":"Investing Latam - Get the property of your dreams with us!","isPartOf":{"@id":"https:\/\/investinglatam.com\/#website"},"datePublished":"2024-01-12T22:02:03+00:00","dateModified":"2024-02-10T00:04:21+00:00","description":"Discover exclusive properties with Investing Latam. Find your next real estate investment. Explore now!","breadcrumb":{"@id":"https:\/\/investinglatam.com\/todas-las-propiedades\/#breadcrumb"},"inLanguage":"en-US","potentialAction":[{"@type":"ReadAction","target":["https:\/\/investinglatam.com\/todas-las-propiedades\/"]}]},{"@type":"BreadcrumbList","@id":"https:\/\/investinglatam.com\/todas-las-propiedades\/#breadcrumb","itemListElement":[{"@type":"ListItem","position":1,"name":"Home","item":"https:\/\/investinglatam.com\/"},{"@type":"ListItem","position":2,"name":"Todas las Propiedades"}]},{"@type":"WebSite","@id":"https:\/\/investinglatam.com\/#website","url":"https:\/\/investinglatam.com\/","name":"Investing Latam","description":"","publisher":{"@id":"https:\/\/investinglatam.com\/#organization"},"potentialAction":[{"@type":"SearchAction","target":{"@type":"EntryPoint","urlTemplate":"https:\/\/investinglatam.com\/?s={search_term_string}"},"query-input":{"@type":"PropertyValueSpecification","valueRequired":true,"valueName":"search_term_string"}}],"inLanguage":"en-US"},{"@type":"Organization","@id":"https:\/\/investinglatam.com\/#organization","name":"Investing Latam Colombia","url":"https:\/\/investinglatam.com\/","logo":{"@type":"ImageObject","inLanguage":"en-US","@id":"https:\/\/investinglatam.com\/#\/schema\/logo\/image\/","url":"https:\/\/investinglatam.com\/wp-content\/uploads\/2024\/02\/logo-investinglatam.png","contentUrl":"https:\/\/investinglatam.com\/wp-content\/uploads\/2024\/02\/logo-investinglatam.png","width":529,"height":363,"caption":"Investing Latam Colombia"},"image":{"@id":"https:\/\/investinglatam.com\/#\/schema\/logo\/image\/"},"sameAs":["https:\/\/www.instagram.com\/investing_latam\/?hl=es-la"]}]}},"_links":{"self":[{"href":"https:\/\/investinglatam.com\/en\/wp-json\/wp\/v2\/pages\/224175","targetHints":{"allow":["GET"]}}],"collection":[{"href":"https:\/\/investinglatam.com\/en\/wp-json\/wp\/v2\/pages"}],"about":[{"href":"https:\/\/investinglatam.com\/en\/wp-json\/wp\/v2\/types\/page"}],"author":[{"embeddable":true,"href":"https:\/\/investinglatam.com\/en\/wp-json\/wp\/v2\/users\/8"}],"replies":[{"embeddable":true,"href":"https:\/\/investinglatam.com\/en\/wp-json\/wp\/v2\/comments?post=224175"}],"version-history":[{"count":74,"href":"https:\/\/investinglatam.com\/en\/wp-json\/wp\/v2\/pages\/224175\/revisions"}],"predecessor-version":[{"id":227399,"href":"https:\/\/investinglatam.com\/en\/wp-json\/wp\/v2\/pages\/224175\/revisions\/227399"}],"wp:attachment":[{"href":"https:\/\/investinglatam.com\/en\/wp-json\/wp\/v2\/media?parent=224175"}],"curies":[{"name":"wp","href":"https:\/\/api.w.org\/{rel}","templated":true}]}}